{"id":1394,"date":"2023-11-13T06:28:35","date_gmt":"2023-11-13T04:28:35","guid":{"rendered":"https:\/\/staging.evomedia.lt\/zyg12.lt\/location\/"},"modified":"2023-12-15T07:29:24","modified_gmt":"2023-12-15T05:29:24","slug":"location","status":"publish","type":"page","link":"https:\/\/zygimantu12.lt\/en\/location\/","title":{"rendered":"Location"},"content":{"rendered":"","protected":false},"excerpt":{"rendered":"","protected":false},"author":1,"featured_media":0,"parent":0,"menu_order":0,"comment_status":"closed","ping_status":"closed","template":"templates\/location.php","meta":{"inline_featured_image":false,"footnotes":""},"class_list":["post-1394","page","type-page","status-publish","hentry"],"acf":[],"yoast_head":"<!-- This site is optimized with the Yoast SEO plugin v21.5 - https:\/\/yoast.com\/wordpress\/plugins\/seo\/ -->\n<title>Location: at the crossroads between the Old Town and the City Centre | \u017dygimant\u0173 12<\/title>\n<meta name=\"description\" content=\"Location: at the crossroads between the Old Town and the City Centre | \u017dygimant\u0173 12\" \/>\n<meta name=\"robots\" content=\"index, follow, max-snippet:-1, max-image-preview:large, max-video-preview:-1\" \/>\n<link rel=\"canonical\" href=\"https:\/\/zygimantu12.lt\/en\/location\/\" \/>\n<meta property=\"og:locale\" content=\"en_US\" \/>\n<meta property=\"og:type\" content=\"article\" \/>\n<meta property=\"og:title\" content=\"Location: at the crossroads between the Old Town and the City Centre | \u017dygimant\u0173 12\" \/>\n<meta property=\"og:description\" content=\"Location: at the crossroads between the Old Town and the City Centre | \u017dygimant\u0173 12\" \/>\n<meta property=\"og:url\" content=\"https:\/\/zygimantu12.lt\/en\/location\/\" \/>\n<meta property=\"og:site_name\" content=\"\u017dygimant\u0173 12\" \/>\n<meta property=\"article:modified_time\" content=\"2023-12-15T05:29:24+00:00\" \/>\n<meta property=\"og:image\" content=\"https:\/\/zygimantu12.lt\/wp-content\/themes\/zyg12\/assets\/img\/og.png\" \/>\n<meta name=\"twitter:card\" content=\"summary_large_image\" \/>\n<script type=\"application\/ld+json\" class=\"yoast-schema-graph\">{\"@context\":\"https:\/\/schema.org\",\"@graph\":[{\"@type\":\"WebPage\",\"@id\":\"https:\/\/zygimantu12.lt\/en\/location\/\",\"url\":\"https:\/\/zygimantu12.lt\/en\/location\/\",\"name\":\"Location: at the crossroads between the Old Town and the City Centre | \u017dygimant\u0173 12\",\"isPartOf\":{\"@id\":\"https:\/\/zygimantu12.lt\/en\/#website\"},\"datePublished\":\"2023-11-13T04:28:35+00:00\",\"dateModified\":\"2023-12-15T05:29:24+00:00\",\"description\":\"Location: at the crossroads between the Old Town and the City Centre | \u017dygimant\u0173 12\",\"breadcrumb\":{\"@id\":\"https:\/\/zygimantu12.lt\/en\/location\/#breadcrumb\"},\"inLanguage\":\"en-US\",\"potentialAction\":[{\"@type\":\"ReadAction\",\"target\":[\"https:\/\/zygimantu12.lt\/en\/location\/\"]}]},{\"@type\":\"BreadcrumbList\",\"@id\":\"https:\/\/zygimantu12.lt\/en\/location\/#breadcrumb\",\"itemListElement\":[{\"@type\":\"ListItem\",\"position\":1,\"name\":\"Home\",\"item\":\"https:\/\/zygimantu12.lt\/en\/\"},{\"@type\":\"ListItem\",\"position\":2,\"name\":\"Location\"}]},{\"@type\":\"WebSite\",\"@id\":\"https:\/\/zygimantu12.lt\/en\/#website\",\"url\":\"https:\/\/zygimantu12.lt\/en\/\",\"name\":\"\u017dygimant\u0173 12\",\"description\":\"\",\"potentialAction\":[{\"@type\":\"SearchAction\",\"target\":{\"@type\":\"EntryPoint\",\"urlTemplate\":\"https:\/\/zygimantu12.lt\/en\/?s={search_term_string}\"},\"query-input\":\"required name=search_term_string\"}],\"inLanguage\":\"en-US\"}]}<\/script>\n<!-- \/ Yoast SEO plugin. -->","yoast_head_json":{"title":"Location: at the crossroads between the Old Town and the City Centre | \u017dygimant\u0173 12","description":"Location: at the crossroads between the Old Town and the City Centre | \u017dygimant\u0173 12","robots":{"index":"index","follow":"follow","max-snippet":"max-snippet:-1","max-image-preview":"max-image-preview:large","max-video-preview":"max-video-preview:-1"},"canonical":"https:\/\/zygimantu12.lt\/en\/location\/","og_locale":"en_US","og_type":"article","og_title":"Location: at the crossroads between the Old Town and the City Centre | \u017dygimant\u0173 12","og_description":"Location: at the crossroads between the Old Town and the City Centre | \u017dygimant\u0173 12","og_url":"https:\/\/zygimantu12.lt\/en\/location\/","og_site_name":"\u017dygimant\u0173 12","article_modified_time":"2023-12-15T05:29:24+00:00","og_image":[{"url":"https:\/\/zygimantu12.lt\/wp-content\/themes\/zyg12\/assets\/img\/og.png"}],"twitter_card":"summary_large_image","schema":{"@context":"https:\/\/schema.org","@graph":[{"@type":"WebPage","@id":"https:\/\/zygimantu12.lt\/en\/location\/","url":"https:\/\/zygimantu12.lt\/en\/location\/","name":"Location: at the crossroads between the Old Town and the City Centre | \u017dygimant\u0173 12","isPartOf":{"@id":"https:\/\/zygimantu12.lt\/en\/#website"},"datePublished":"2023-11-13T04:28:35+00:00","dateModified":"2023-12-15T05:29:24+00:00","description":"Location: at the crossroads between the Old Town and the City Centre | \u017dygimant\u0173 12","breadcrumb":{"@id":"https:\/\/zygimantu12.lt\/en\/location\/#breadcrumb"},"inLanguage":"en-US","potentialAction":[{"@type":"ReadAction","target":["https:\/\/zygimantu12.lt\/en\/location\/"]}]},{"@type":"BreadcrumbList","@id":"https:\/\/zygimantu12.lt\/en\/location\/#breadcrumb","itemListElement":[{"@type":"ListItem","position":1,"name":"Home","item":"https:\/\/zygimantu12.lt\/en\/"},{"@type":"ListItem","position":2,"name":"Location"}]},{"@type":"WebSite","@id":"https:\/\/zygimantu12.lt\/en\/#website","url":"https:\/\/zygimantu12.lt\/en\/","name":"\u017dygimant\u0173 12","description":"","potentialAction":[{"@type":"SearchAction","target":{"@type":"EntryPoint","urlTemplate":"https:\/\/zygimantu12.lt\/en\/?s={search_term_string}"},"query-input":"required name=search_term_string"}],"inLanguage":"en-US"}]}},"_links":{"self":[{"href":"https:\/\/zygimantu12.lt\/en\/wp-json\/wp\/v2\/pages\/1394","targetHints":{"allow":["GET"]}}],"collection":[{"href":"https:\/\/zygimantu12.lt\/en\/wp-json\/wp\/v2\/pages"}],"about":[{"href":"https:\/\/zygimantu12.lt\/en\/wp-json\/wp\/v2\/types\/page"}],"author":[{"embeddable":true,"href":"https:\/\/zygimantu12.lt\/en\/wp-json\/wp\/v2\/users\/1"}],"replies":[{"embeddable":true,"href":"https:\/\/zygimantu12.lt\/en\/wp-json\/wp\/v2\/comments?post=1394"}],"version-history":[{"count":4,"href":"https:\/\/zygimantu12.lt\/en\/wp-json\/wp\/v2\/pages\/1394\/revisions"}],"predecessor-version":[{"id":1452,"href":"https:\/\/zygimantu12.lt\/en\/wp-json\/wp\/v2\/pages\/1394\/revisions\/1452"}],"wp:attachment":[{"href":"https:\/\/zygimantu12.lt\/en\/wp-json\/wp\/v2\/media?parent=1394"}],"curies":[{"name":"wp","href":"https:\/\/api.w.org\/{rel}","templated":true}]}}